{"id":360,"date":"2020-06-10T11:50:41","date_gmt":"2020-06-10T11:50:41","guid":{"rendered":"http:\/\/localhost\/context\/?page_id=360"},"modified":"2026-04-02T21:27:51","modified_gmt":"2026-04-02T21:27:51","slug":"empresas","status":"publish","type":"page","link":"https:\/\/capitalhumanoangola.com\/en\/empresas\/","title":{"rendered":"Employers"},"content":{"rendered":"<div data-elementor-type=\"wp-page\" data-elementor-id=\"360\" class=\"elementor elementor-360\" data-elementor-post-type=\"page\">\n\t\t\t\t\t\t<section class=\"elementor-section elementor-top-section elementor-element elementor-element-b349e27 elementor-section-boxed elementor-section-height-default elementor-section-height-default\" data-id=\"b349e27\" data-element_type=\"section\" data-e-type=\"section\">\n\t\t\t\t\t\t<div class=\"elementor-container elementor-column-gap-default\">\n\t\t\t\t\t<div class=\"elementor-column elementor-col-50 elementor-top-column elementor-element elementor-element-87db9c8\" data-id=\"87db9c8\" data-element_type=\"column\" data-e-type=\"column\">\n\t\t\t<div class=\"elementor-widget-wrap elementor-element-populated\">\n\t\t\t\t\t\t<div class=\"elementor-element elementor-element-1f0734c elementor-widget elementor-widget-witr_section_t_widget\" data-id=\"1f0734c\" data-element_type=\"widget\" data-e-type=\"widget\" data-widget_type=\"witr_section_t_widget.default\">\n\t\t\t\t<div class=\"elementor-widget-container\">\n\t\t\t\t\t\t\t\t\t\t<!-- text widget center -->\n\t\t\t\t\t<div class=\"witr_text_widget\">\n\t\t\t\t\t\t<div class=\"witr_text_widget_inner\">\n\t\t\t\t\t\t\t<!-- text widget top -->\n\t\t\t\t\t\t\t\t\t\t\t\t\t\n\t\t\t\t\t\t\t<!-- text widget middle -->\n\t\t\t\t\t\t\t\t\t\t\t\t\t\t\t<h2>Bem-vindo ao Capital Humano Angola 2026<\/h2>\t\t\n\t\t\t\t\t\t\t\t\t\t\t\t\t\t<!-- text widget bottom -->\n\t\t\t\t\t\t\t\t\t\t\t\t\t\n\t\t\t\t\t\t\t<!-- content -->\n\t\t\t\t\t\t\t\t\t\t\t\t\t\t\t<p><p>O maior evento de capital humano, forma\u00e7\u00e3o e desenvolvimento de talento em Angola est\u00e1 de volta! Uma iniciativa do MAPTSS e do INEFOP, organizada pela Elite Group Global, o evento re\u00fane empresas l\u00edderes, institui\u00e7\u00f5es p\u00fablicas e milhares de candidatos qualificados num s\u00f3 espa\u00e7o.<\/p><p>De 14 a 17 de Maio no Hotel Epic Sana (Luanda), este evento oferece:<\/p><\/p>\t\t\n\t\t\t\t\t\t\t\t\t\t\t\t\t\t\n\t\t\t\t\t\t\t<!--- List content --->\n\t\t\t\t\t\t\t<div class=\"witr_widget_list\">\n\t\t\t\t\t\t\t\t<ul>\t\t\t\t\t\t\t\n\t\t\t\t\t\t\t\t\t\t\t\t\t\t\t\t\t\t\t\t\t\t\t\t\t\t\t\t\t\t\t\t<li>\n\t\t\t\t\t\t\t\t\t\t\t\t\t\t\t\t\t\t\t\t\t\t\t\t\t\t\t<span class=\"witr_list_icon\"><i class=\"icofont-check\"><\/i><\/span>\n\t\t\t\t\t\t\t\t\t\t\t\t\t\t\t\t\t\t\t\t\t\t\t\t\t\t<span class=\"witr_list_text\">Workshops e palestras voltados \u00e0 capacita\u00e7\u00e3o de jovens talentos (Futuros L\u00edderes \u2013 14 de Maio)<\/span>\n\t\t\t\t\t\t\t\t\t\t\t\t<\/li>\n\t\t\t\t\t\t\t\t\t\t\t\t\t\t\t\t\t\t\t\t\n\t\n\t\t\t\t\t\t\t\t\t\t\t\t\t\t\t\t\t\t\t\t\t\t\t\t\t\t\t\t\t\t\t\t\t<li>\n\t\t\t\t\t\t\t\t\t\t\t\t\t\t\t\t\t\t\t\t\t\t\t\t\t\t\t<span class=\"witr_list_icon\"><i class=\"icofont-check\"><\/i><\/span>\n\t\t\t\t\t\t\t\t\t\t\t\t\t\t\t\t\t\t\t\t\t\t\t\t\t\t<span class=\"witr_list_text\">Confer\u00eancia exclusiva para executivos e l\u00edderes de RH (Angola RecruitCON \u2013 15 de Maio)<\/span>\n\t\t\t\t\t\t\t\t\t\t\t\t<\/li>\n\t\t\t\t\t\t\t\t\t\t\t\t\t\t\t\t\t\t\t\t\n\t\n\t\t\t\t\t\t\t\t\t\t\t\t\t\t\t\t\t\t\t\t\t\t\t\t\t\t\t\t\t\t\t\t\t<li>\n\t\t\t\t\t\t\t\t\t\t\t\t\t\t\t\t\t\t\t\t\t\t\t\t\t\t\t<span class=\"witr_list_icon\"><i class=\"icofont-check\"><\/i><\/span>\n\t\t\t\t\t\t\t\t\t\t\t\t\t\t\t\t\t\t\t\t\t\t\t\t\t\t<span class=\"witr_list_text\">F\u00f3rum de Recrutamento com acesso a +3.000 candidatos pr\u00e9-selecionados (16 e 17 de Maio)<\/span>\n\t\t\t\t\t\t\t\t\t\t\t\t<\/li>\n\t\t\t\t\t\t\t\t\t\t\t\t\t\t\t\t\t\t\t\t\n\t\n\t\t\t\t\t\t\t\t\t\t\t\t\t\t\t\t\t\t\t\t\t\t\t\t\t\t\t\t\t\t\t\t\t<li>\n\t\t\t\t\t\t\t\t\t\t\t\t\t\t\t\t\t\t\t\t\t\t\t\t\t\t\t<span class=\"witr_list_icon\"><i class=\"icofont-check\"><\/i><\/span>\n\t\t\t\t\t\t\t\t\t\t\t\t\t\t\t\t\t\t\t\t\t\t\t\t\t\t<span class=\"witr_list_text\">Espa\u00e7o de networking e exposi\u00e7\u00e3o para promover sua marca empregadora Alinhamento<\/span>\n\t\t\t\t\t\t\t\t\t\t\t\t<\/li>\n\t\t\t\t\t\t\t\t\t\t\t\t\t\t\t\t\t\t\t\t\n\t\n\t\t\t\t\t\t\t\t\t\t\t\t\t\t\t\t\t\t\t\t\t\t\t\t\t\t\t\t\t\t\t\t\t<li>\n\t\t\t\t\t\t\t\t\t\t\t\t\t\t\t\t\t\t\t\t\t\t\t\t\t\t\t<span class=\"witr_list_icon\"><i class=\"icofont-check\"><\/i><\/span>\n\t\t\t\t\t\t\t\t\t\t\t\t\t\t\t\t\t\t\t\t\t\t\t\t\t\t<span class=\"witr_list_text\">Alinhamento com as pol\u00edticas p\u00fablicas de angolaniza\u00e7\u00e3o e empregabilidade<\/span>\n\t\t\t\t\t\t\t\t\t\t\t\t<\/li>\n\t\t\t\t\t\t\t\t\t\t\t\t\t\t\t\t\t\t\t\t\n\t\n\t\t\t\t\t\t\t\t\t\t\t\t\n\t\t\t\t\t\t\t\t\t\t\t\t\t\t\t\t\t<\/ul>\n\t\t\t\t\t\t\t\t\t\n\t\t\t\t\t\t\t<\/div>\t\t\t\t\t\t\t\n\t\t\t\t\t\t<\/div>\n\t\t\t\t\t<\/div>\n\n\t\t\t\t\t\t\t\t<\/div>\n\t\t\t\t<\/div>\n\t\t\t\t<div class=\"elementor-element elementor-element-1a018d4 elementor-widget elementor-widget-witr_section_t_widget\" data-id=\"1a018d4\" data-element_type=\"widget\" data-e-type=\"widget\" data-widget_type=\"witr_section_t_widget.default\">\n\t\t\t\t<div class=\"elementor-widget-container\">\n\t\t\t\t\t\t\t\t\t\t<!-- text widget center -->\n\t\t\t\t\t<div class=\"witr_text_widget\">\n\t\t\t\t\t\t<div class=\"witr_text_widget_inner\">\n\t\t\t\t\t\t\t<!-- text widget top -->\n\t\t\t\t\t\t\t\t\t\t\t\t\t\n\t\t\t\t\t\t\t<!-- text widget middle -->\n\t\t\t\t\t\t\t\t\t\t\t\t\t\t<!-- text widget bottom -->\n\t\t\t\t\t\t\t\t\t\t\t\t\t\n\t\t\t\t\t\t\t<!-- content -->\n\t\t\t\t\t\t\t\t\t\t\t\t\t\t\t<p><p>Empresas interessadas devem contactar: sales@eliterecgroup.com<\/p><\/p>\t\t\n\t\t\t\t\t\t\t\t\t\t\t\t\t\t\n\t\t\t\t\t\t\t<!--- List content --->\n\t\t\t\t\t\t\t<div class=\"witr_widget_list\">\n\t\t\t\t\t\t\t\t<ul>\t\t\t\t\t\t\t\n\t\t\t\t\t\t\t\t\t\t\t\t\t\t\t\t\t\t\t\t\t\t\t\t\t\t\t\t\t\t\t\t<li>\n\t\t\t\t\t\t\t\t\t\t\t\t\t\t\t\t\t\t\t\t\t\t\t\t\t\t<span class=\"witr_list_text\"><\/span>\n\t\t\t\t\t\t\t\t\t\t\t\t<\/li>\n\t\t\t\t\t\t\t\t\t\t\t\t\t\t\t\t\t\t\t\t\n\t\n\t\t\t\t\t\t\t\t\t\t\t\t\n\t\t\t\t\t\t\t\t\t\t\t\t\t\t\t\t\t<\/ul>\n\t\t\t\t\t\t\t\t\t\n\t\t\t\t\t\t\t<\/div>\t\t\t\t\t\t\t\n\t\t\t\t\t\t<\/div>\n\t\t\t\t\t<\/div>\n\n\t\t\t\t\t\t\t\t<\/div>\n\t\t\t\t<\/div>\n\t\t\t\t\t<\/div>\n\t\t<\/div>\n\t\t\t\t<div class=\"elementor-column elementor-col-50 elementor-top-column elementor-element elementor-element-77c895a\" data-id=\"77c895a\" data-element_type=\"column\" data-e-type=\"column\">\n\t\t\t<div class=\"elementor-widget-wrap elementor-element-populated\">\n\t\t\t\t\t\t<div class=\"elementor-element elementor-element-8937a67 elementor-widget elementor-widget-image\" data-id=\"8937a67\" data-element_type=\"widget\" data-e-type=\"widget\" data-widget_type=\"image.default\">\n\t\t\t\t<div class=\"elementor-widget-container\">\n\t\t\t\t\t\t\t\t\t\t\t\t\t\t\t<img fetchpriority=\"high\" decoding=\"async\" width=\"1634\" height=\"1089\" src=\"https:\/\/capitalhumanoangola.com\/wp-content\/uploads\/2022\/11\/ELITE-Corporate-Brochure-1.jpg\" class=\"attachment-full size-full wp-image-11154\" alt=\"\" srcset=\"https:\/\/capitalhumanoangola.com\/wp-content\/uploads\/2022\/11\/ELITE-Corporate-Brochure-1.jpg 1634w, https:\/\/capitalhumanoangola.com\/wp-content\/uploads\/2022\/11\/ELITE-Corporate-Brochure-1-300x200.jpg 300w, https:\/\/capitalhumanoangola.com\/wp-content\/uploads\/2022\/11\/ELITE-Corporate-Brochure-1-1024x682.jpg 1024w, https:\/\/capitalhumanoangola.com\/wp-content\/uploads\/2022\/11\/ELITE-Corporate-Brochure-1-768x512.jpg 768w, https:\/\/capitalhumanoangola.com\/wp-content\/uploads\/2022\/11\/ELITE-Corporate-Brochure-1-1536x1024.jpg 1536w, https:\/\/capitalhumanoangola.com\/wp-content\/uploads\/2022\/11\/ELITE-Corporate-Brochure-1-18x12.jpg 18w\" sizes=\"(max-width: 1634px) 100vw, 1634px\" \/>\t\t\t\t\t\t\t\t\t\t\t\t\t\t\t<\/div>\n\t\t\t\t<\/div>\n\t\t\t\t\t<\/div>\n\t\t<\/div>\n\t\t\t\t\t<\/div>\n\t\t<\/section>\n\t\t\t\t<section class=\"elementor-section elementor-top-section elementor-element elementor-element-c682a52 elementor-section-boxed elementor-section-height-default elementor-section-height-default\" data-id=\"c682a52\" data-element_type=\"section\" data-e-type=\"section\">\n\t\t\t\t\t\t<div class=\"elementor-container elementor-column-gap-default\">\n\t\t\t\t\t<div class=\"elementor-column elementor-col-50 elementor-top-column elementor-element elementor-element-414df81\" data-id=\"414df81\" data-element_type=\"column\" data-e-type=\"column\">\n\t\t\t<div class=\"elementor-widget-wrap elementor-element-populated\">\n\t\t\t\t\t\t<div class=\"elementor-element elementor-element-c2a0ae8 elementor-widget elementor-widget-witr_section_s_image\" data-id=\"c2a0ae8\" data-element_type=\"widget\" data-e-type=\"widget\" data-widget_type=\"witr_section_s_image.default\">\n\t\t\t\t<div class=\"elementor-widget-container\">\n\t\t\t\t\t\t\n\t\t<div class=\"single_image_area\">\n\t\t\t<div class=\"single_image single_line_option\">\n\t\t\t\t<!-- image -->\n\t\t\t\t<img decoding=\"async\" width=\"534\" height=\"501\" src=\"https:\/\/capitalhumanoangola.com\/wp-content\/uploads\/2022\/11\/120-1.jpg\" class=\"attachment-full size-full wp-image-11162\" alt=\"\" srcset=\"https:\/\/capitalhumanoangola.com\/wp-content\/uploads\/2022\/11\/120-1.jpg 534w, https:\/\/capitalhumanoangola.com\/wp-content\/uploads\/2022\/11\/120-1-300x281.jpg 300w, https:\/\/capitalhumanoangola.com\/wp-content\/uploads\/2022\/11\/120-1-13x12.jpg 13w\" sizes=\"(max-width: 534px) 100vw, 534px\" \/>\t\t\n\t\t\t\t\t\t\t\t\t\t\t<\/div>\n\t\t<\/div>\n\t\t\t\n\t\t\t\n\t\t\n\t\t\t\n\t\t\t\t\t\t<\/div>\n\t\t\t\t<\/div>\n\t\t\t\t\t<\/div>\n\t\t<\/div>\n\t\t\t\t<div class=\"elementor-column elementor-col-50 elementor-top-column elementor-element elementor-element-7625a3e\" data-id=\"7625a3e\" data-element_type=\"column\" data-e-type=\"column\">\n\t\t\t<div class=\"elementor-widget-wrap elementor-element-populated\">\n\t\t\t\t\t\t<div class=\"elementor-element elementor-element-a463682 poket-star-rating--align-center elementor-widget elementor-widget-witr_section_title\" data-id=\"a463682\" data-element_type=\"widget\" data-e-type=\"widget\" data-widget_type=\"witr_section_title.default\">\n\t\t\t\t<div class=\"elementor-widget-container\">\n\t\t\t\t\t\t\t\t\t\t<!-- title left -->\n\t\t\t\t\t<div class=\"witr_section_title\">\n\t\t\t\t\t\t<div class=\"witr_section_title_inner text-left\">\n\t\t\t\t\t\t\n\t\t\t\t\t\t\t<!-- icon position -->\n\t\t\t\t\t\t\t\t\n\t\t\t\t\t\t\t<!-- end icon position -->\n\t\t\t\t\t\t\n\t\t\t\t\t\t\n\t\t\t\t\t\t\t<!-- title top -->\n\t\t\t\t\t\t\t\n\t\t\t\t\t\t\t<!-- icon position -->\n\t\t\t\t\t\t\t\t\n\t\t\t\t\t\t\t<!-- end icon position -->\n\n\t\t\t\t\t\t\t\n\t\t\t\t\t\t\t<!-- title middle -->\n\t\t\t\t\t\t\t\t\t\t\t\t\t\t\t<h3>Perguntas Frequentes (FAQs)\n<\/h3>\t\t\n\t\t\t\t\t\t\t\t\t\t\t\t\t\t<!-- title bottom -->\n\t\t\t\t\t\t\t\t\t\t\t\t\t\t\n\t\t\t\t\t\t\t<!-- icon position -->\n\t\t\t\t\t\t\t\t\t\t\t\t\t\t\n\t\t\t\t\t\t\t<!-- image -->\n\t\t\t\t\t\t\t\t\t\t\t\t\t\t<!-- icon -->\n\t\t\t\t\t\t\t\t\t\t\t\t\t\t\n\t\t\t\t\t\t\t<!-- bar -->\n\t\t\t\t\t\t\t\t\t\t\t\t\t\t<!-- circle bar -->\n\t\t\t\t\t\t\t\t\t\t\t\t\t\t\n\t\t\t\t\t\t\t\t\n\t\t\t\t\t\t\t<!-- end icon position -->\n\n\t\t\t\t\t\t\t<!-- content -->\n\t\t\t\t\t\t\t\t\t\t\t\t\t<\/div>\n\t\t\t\t\t\t\t<!-- inner title -->\n\t\t\t\t\t\t\t\t\t\t\t\t\t\n\t\t\t\t\t<\/div>\t\t\t\t\n\t\t\t\t\t\t\t\t<\/div>\n\t\t\t\t<\/div>\n\t\t\t\t<div class=\"elementor-element elementor-element-e300746 elementor-widget elementor-widget-witr_ac_cl\" data-id=\"e300746\" data-element_type=\"widget\" data-e-type=\"widget\" data-widget_type=\"witr_ac_cl.default\">\n\t\t\t\t<div class=\"elementor-widget-container\">\n\t\t\t\t\t\t\t\n\t\t\n\t\t\n\n                <div class=\"accordion_area\">\n                    <div class=\"faq-part\">\n                        <div id=\"accordion\">\n\t\t\t\t\t\t\t\t\t\t\t\t\t\t\t<div class=\"card card-2  active show\">\n\t\t\t\t\t\t\t\t\t<div class=\"card-header witr_ac_card\">\n\t\t\t\t\t\t\t\t\t\t<a href=\"#\" class=\"card-link witr_ac_style\" data-toggle=\"collapse\" data-target=\"#collapse_b003a2a\" aria-expanded=\"true\">\n\t\t\t\t\t\t\t\t\t\t\t<!-- icon -->\n\t\t\t\t\t\t\t\t\t\t\t\t\t\t\t\t\t\t\t\t\t\t\t<i class=\"\"><\/i>\n\t\t\t\t\t\t\t\t\t\t\t\t\t\t\t\t\t\t\t\t\t\n\t\t\t\t\t\t\t\t\t\t   1. Quem pode participar como expositor no evento?\t\t\t\t\t\t\t\t\t\t<\/a>\n\t\t\t\t\t\t\t\t\t<\/div>\n\t\t\t\t\t\t\t\t\t<div id=\"collapse_b003a2a\" class=\"collapse ac_s_padding  active show\" data-parent=\"#accordion\">\n                                        <p>Empresas de todos os setores com opera\u00e7\u00f5es ou interesse em Angola podem participar como expositoras. O evento \u00e9 ideal para organiza\u00e7\u00f5es que desejam aumentar sua visibilidade, recrutar talentos qualificados e fortalecer seu posicionamento institucional no pa\u00eds. Participam tanto empresas privadas como institui\u00e7\u00f5es p\u00fablicas, nacionais e multinacionais.\u00a0<\/p>\t\t\t\t\t\t\t\t\t\t\n\t\t\t\t\t\t\t\t\t<\/div>\n\t\t\t\t\t\t\t\t<\/div> <!-- card -->\t\n\t\t\t\t\t\t\t\t\t\t\t\t\t\t\t<div class=\"card card-2\">\n\t\t\t\t\t\t\t\t\t<div class=\"card-header witr_ac_card\">\n\t\t\t\t\t\t\t\t\t\t<a href=\"#\" class=\"card-link witr_ac_style\" data-toggle=\"collapse\" data-target=\"#collapse_415a2ef\" aria-expanded=\"true\">\n\t\t\t\t\t\t\t\t\t\t\t<!-- icon -->\n\t\t\t\t\t\t\t\t\t\t\t\t\t\t\t\t\t\t\t\t\t\t\t<i class=\"\"><\/i>\n\t\t\t\t\t\t\t\t\t\t\t\t\t\t\t\t\t\t\t\t\t\n\t\t\t\t\t\t\t\t\t\t    2. Como funciona o processo de sele\u00e7\u00e3o dos candidatos?\t\t\t\t\t\t\t\t\t\t<\/a>\n\t\t\t\t\t\t\t\t\t<\/div>\n\t\t\t\t\t\t\t\t\t<div id=\"collapse_415a2ef\" class=\"collapse ac_s_padding\" data-parent=\"#accordion\">\n                                        <p>Companies have several options to participate with us, and the available packages are varied. The only cost companies will incur will be registration for the event with the chosen package, and from then on they can recruit as many candidates as they want without any additional cost per recruited candidate. Contact us for full details of participation packages.<\/p>\t\t\t\t\t\t\t\t\t\t\n\t\t\t\t\t\t\t\t\t<\/div>\n\t\t\t\t\t\t\t\t<\/div> <!-- card -->\t\n\t\t\t\t\t\t\t\t\t\t\t\t\t\t\t<div class=\"card card-2\">\n\t\t\t\t\t\t\t\t\t<div class=\"card-header witr_ac_card\">\n\t\t\t\t\t\t\t\t\t\t<a href=\"#\" class=\"card-link witr_ac_style\" data-toggle=\"collapse\" data-target=\"#collapse_2ef651b\" aria-expanded=\"true\">\n\t\t\t\t\t\t\t\t\t\t\t<!-- icon -->\n\t\t\t\t\t\t\t\t\t\t\t\t\t\t\t\t\t\t\t\t\t\t\t<i class=\"\"><\/i>\n\t\t\t\t\t\t\t\t\t\t\t\t\t\t\t\t\t\t\t\t\t\n\t\t\t\t\t\t\t\t\t\t    3.Qual \u00e9 a estrutura do evento?\t\t\t\t\t\t\t\t\t\t<\/a>\n\t\t\t\t\t\t\t\t\t<\/div>\n\t\t\t\t\t\t\t\t\t<div id=\"collapse_2ef651b\" class=\"collapse ac_s_padding\" data-parent=\"#accordion\">\n                                        <p>O **Capital Humano Angola 2025** \u00e9 dividido em tr\u00eas momentos principais:<\/p><p>* **23 de Outubro \u2013 Futuros L\u00edderes:** workshops e palestras voltados \u00e0 capacita\u00e7\u00e3o de jovens talentos e bolseiros, com foco em empregabilidade e empreendedorismo.<br \/>* **24 de Outubro \u2013 Angola RecruitCON:** confer\u00eancia peer-to-peer com CEOs, Diretores de RH e decisores estrat\u00e9gicos para debater pr\u00e1ticas e pol\u00edticas de capital humano.<br \/>* **25 e 26 de Outubro \u2013 F\u00f3rum Elite Recruitment:** dois dias dedicados ao recrutamento direto com +3.000 candidatos pr\u00e9-selecionados, entrevistas, networking e apresenta\u00e7\u00f5es corporativas.<\/p>\t\t\t\t\t\t\t\t\t\t\n\t\t\t\t\t\t\t\t\t<\/div>\n\t\t\t\t\t\t\t\t<\/div> <!-- card -->\t\n\t\t\t\t\t\t\t\t\t\t\t\t\t\t\t<div class=\"card card-2\">\n\t\t\t\t\t\t\t\t\t<div class=\"card-header witr_ac_card\">\n\t\t\t\t\t\t\t\t\t\t<a href=\"#\" class=\"card-link witr_ac_style\" data-toggle=\"collapse\" data-target=\"#collapse_08c4544\" aria-expanded=\"true\">\n\t\t\t\t\t\t\t\t\t\t\t<!-- icon -->\n\t\t\t\t\t\t\t\t\t\t\t\t\t\t\t\t\t\t\t\t\t\t\t<i class=\"\"><\/i>\n\t\t\t\t\t\t\t\t\t\t\t\t\t\t\t\t\t\t\t\t\t\n\t\t\t\t\t\t\t\t\t\t   4. Quais s\u00e3o os benef\u00edcios para a minha empresa?\t\t\t\t\t\t\t\t\t\t<\/a>\n\t\t\t\t\t\t\t\t\t<\/div>\n\t\t\t\t\t\t\t\t\t<div id=\"collapse_08c4544\" class=\"collapse ac_s_padding\" data-parent=\"#accordion\">\n                                        <p>Ao participar do evento, sua empresa ter\u00e1:<\/p><p>* Acesso direto a talentos altamente qualificados e alinhados ao seu perfil de recrutamento<br \/>* Recrutamento ilimitado sem custos adicionais<br \/>* Visibilidade como **empregador de refer\u00eancia em Angola**<br \/>* Oportunidade de networking com autoridades governamentais, institui\u00e7\u00f5es e outras grandes empresas<br \/>* Apoio \u00e0s metas de **angolaniza\u00e7\u00e3o** da for\u00e7a de trabalho e responsabilidade social<br \/>* Fortalecimento do employer branding atrav\u00e9s de estandes, apresenta\u00e7\u00f5es e m\u00eddia digital<br \/>* **Inclus\u00e3o no relat\u00f3rio oficial de resultados** apresentado ao MAPTSS e ao INEFOP, destacando a presen\u00e7a e impacto da sua empresa no evento<\/p>\t\t\t\t\t\t\t\t\t\t\n\t\t\t\t\t\t\t\t\t<\/div>\n\t\t\t\t\t\t\t\t<\/div> <!-- card -->\t\n\t\t\t\t\t\t\t\t\t\t\t\t\t\t\t<div class=\"card card-2\">\n\t\t\t\t\t\t\t\t\t<div class=\"card-header witr_ac_card\">\n\t\t\t\t\t\t\t\t\t\t<a href=\"#\" class=\"card-link witr_ac_style\" data-toggle=\"collapse\" data-target=\"#collapse_2f45982\" aria-expanded=\"true\">\n\t\t\t\t\t\t\t\t\t\t\t<!-- icon -->\n\t\t\t\t\t\t\t\t\t\t\t\t\t\t\t\t\t\t\t\t\t\t\t<i class=\"\"><\/i>\n\t\t\t\t\t\t\t\t\t\t\t\t\t\t\t\t\t\t\t\t\t\n\t\t\t\t\t\t\t\t\t\t   5. Qual \u00e9 o custo de participa\u00e7\u00e3o e como \u00e9 feito o pagamento?\t\t\t\t\t\t\t\t\t\t<\/a>\n\t\t\t\t\t\t\t\t\t<\/div>\n\t\t\t\t\t\t\t\t\t<div id=\"collapse_2f45982\" class=\"collapse ac_s_padding\" data-parent=\"#accordion\">\n                                        <p>Os valores de participa\u00e7\u00e3o variam conforme o pacote escolhido (Diamante, Platina, Ouro, Prata ou Bronze), com diferentes n\u00edveis de exposi\u00e7\u00e3o, benef\u00edcios e n\u00famero de passes.<\/p><p><br \/>\ud83d\udccc Todas as faturas s\u00e3o emitidas em moeda local \u2014 Kwanza (AOA)**, conforme a regulamenta\u00e7\u00e3o vigente em Angola.\u00a0<\/p>\t\t\t\t\t\t\t\t\t\t\n\t\t\t\t\t\t\t\t\t<\/div>\n\t\t\t\t\t\t\t\t<\/div> <!-- card -->\t\n\t\t\t\t\t\t\t                        <\/div>\n                    <\/div> <!-- faq part -->\t\t\n                <\/div> \n\n\t\t<script type='text\/javascript'>\n\t\t\tjQuery(function($){\t\t\t\t\n\t\t\t\t$('#accordion .card').each(function () {\n\t\t\t\t\tvar $this = $(this);\n\t\t\t\t\t$this.on('click', function (e) {\n\t\t\t\t\t\tvar has = $this.hasClass('active');\n\t\t\t\t\t\t$('#accordion .card').removeClass('active show');\n\t\t\t\t\t\tif (has) {\n\t\t\t\t\t\t\t$this.removeClass('active show');\n\t\t\t\t\t\t} else {\n\t\t\t\t\t\t\t$this.addClass('active show');\n\t\t\t\t\t\t}\n\t\t\t\t\t});\n\t\t\t\t});\n\t\t\t});\n\t\t<\/script>\t\t\t\t\t\n\t\t\t\t\t\t<\/div>\n\t\t\t\t<\/div>\n\t\t\t\t\t<\/div>\n\t\t<\/div>\n\t\t\t\t\t<\/div>\n\t\t<\/section>\n\t\t\t\t<\/div>","protected":false},"excerpt":{"rendered":"<p>Bem-vindo ao Capital Humano Angola 2026 O maior evento de capital humano, forma\u00e7\u00e3o e desenvolvimento de talento em Angola est\u00e1 de volta! Uma iniciativa do MAPTSS e do INEFOP, organizada pela Elite Group Global, o evento re\u00fane empresas l\u00edderes, institui\u00e7\u00f5es p\u00fablicas e milhares de candidatos qualificados num s\u00f3 espa\u00e7o. De 14 a 17 de Maio [&hellip;]<\/p>\n","protected":false},"author":1,"featured_media":0,"parent":0,"menu_order":0,"comment_status":"closed","ping_status":"closed","template":"template-home.php","meta":{"footnotes":""},"class_list":["post-360","page","type-page","status-publish","hentry"],"_links":{"self":[{"href":"https:\/\/capitalhumanoangola.com\/en\/wp-json\/wp\/v2\/pages\/360","targetHints":{"allow":["GET"]}}],"collection":[{"href":"https:\/\/capitalhumanoangola.com\/en\/wp-json\/wp\/v2\/pages"}],"about":[{"href":"https:\/\/capitalhumanoangola.com\/en\/wp-json\/wp\/v2\/types\/page"}],"author":[{"embeddable":true,"href":"https:\/\/capitalhumanoangola.com\/en\/wp-json\/wp\/v2\/users\/1"}],"replies":[{"embeddable":true,"href":"https:\/\/capitalhumanoangola.com\/en\/wp-json\/wp\/v2\/comments?post=360"}],"version-history":[{"count":129,"href":"https:\/\/capitalhumanoangola.com\/en\/wp-json\/wp\/v2\/pages\/360\/revisions"}],"predecessor-version":[{"id":12361,"href":"https:\/\/capitalhumanoangola.com\/en\/wp-json\/wp\/v2\/pages\/360\/revisions\/12361"}],"wp:attachment":[{"href":"https:\/\/capitalhumanoangola.com\/en\/wp-json\/wp\/v2\/media?parent=360"}],"curies":[{"name":"wp","href":"https:\/\/api.w.org\/{rel}","templated":true}]}}